{"id":3008,"date":"2014-11-03T10:13:36","date_gmt":"2014-11-03T10:13:36","guid":{"rendered":"http:\/\/www.brandexponents.com\/oshin\/?page_id=2781"},"modified":"2019-08-17T13:42:51","modified_gmt":"2019-08-17T11:42:51","slug":"contact","status":"publish","type":"page","link":"https:\/\/www.partybooth.hu\/en\/contact\/","title":{"rendered":"Contact"},"content":{"rendered":"<div  class=\"tatsu-g1hoeno512d58ptn tatsu-section    tatsu-clearfix\" data-title=\"\"  data-headerscheme=\"background--dark\"><div class='tatsu-section-pad clearfix' data-padding='{\"d\":\"90px 0% 90px 0%\"}' data-padding-top='90px'><div class=\"tatsu-row-wrap  tatsu-wrap tatsu-row-has-two-cols tatsu-medium-gutter tatsu-reg-cols  tatsu-clearfix tatsu-g1hoeno53d17cltc\" ><div  class=\"tatsu-row \" ><div  class=\"tatsu-column  tatsu-column-no-bg tatsu-one-third tatsu-column-image-none tatsu-column-effect-none  tatsu-g1hoeno55s80vp6\"  data-parallax-speed=\"0\" style=\"\"><div class=\"tatsu-column-inner \" ><div class=\"tatsu-column-pad-wrap\"><div class=\"tatsu-column-pad\" ><div  class=\"tatsu-module tatsu-text-block-wrap tatsu-g1hoeno57m2omyb  \"><div class=\"tatsu-text-inner tatsu-align-center  clearfix\" ><style>.tatsu-g1hoeno57m2omyb.tatsu-text-block-wrap .tatsu-text-inner{text-align: left;}<\/style>\n<h6>Contact Info<\/h6>\n<\/div><\/div><ul  class=\"tatsu-module tatsu-list tatsu-g1hoeno732aq6k7w    tatsu-lists-icon\" ><style>.tatsu-g1hoeno732aq6k7w{margin: 0 0 60px 0;}.tatsu-g1hoeno732aq6k7w .tatsu-list-content{margin: 0 0 12px 0px;}.tatsu-g1hoeno732aq6k7w .tatsu-list-content::before, .tatsu-g1hoeno732aq6k7w .tatsu-icon{color: rgba(34,147,215,1) ;}<\/style><li  class=\"tatsu-list-content tatsu-g1hoeno8hbb2jtxx   \" ><div class=\"tatsu-list-icon-wrap\" ><i class=\"tatsu-icon icon-icon_phone \"><\/i><\/div><div class=\"tatsu-list-inner\">\n<p>+36 30 940 8075 (Magyar)<\/p>\n<\/div><style>.tatsu-g1hoeno8hbb2jtxx .tatsu-icon, .tatsu-g1hoeno8hbb2jtxx.tatsu-list-content::before{color: #e0a240 ;}.tatsu-g1hoeno8hbb2jtxx{border-style: solid;}<\/style><\/li><li  class=\"tatsu-list-content tatsu-g1hoeno97j2j781n   \" ><div class=\"tatsu-list-icon-wrap\" ><i class=\"tatsu-icon icon-icon_phone \"><\/i><\/div><div class=\"tatsu-list-inner\">\n<p>+36 30 476 0676 (English)<\/p>\n<\/div><style>.tatsu-g1hoeno97j2j781n .tatsu-icon, .tatsu-g1hoeno97j2j781n.tatsu-list-content::before{color: #e0a240 ;}.tatsu-g1hoeno97j2j781n{border-style: solid;}<\/style><\/li><li  class=\"tatsu-list-content tatsu-g1hoeno9ks1dpj4v   \" ><div class=\"tatsu-list-icon-wrap\" ><i class=\"tatsu-icon icon-icon_mail_alt \"><\/i><\/div><div class=\"tatsu-list-inner\">\n<p>hello@partybooth.hu<\/p>\n<\/div><style>.tatsu-g1hoeno9ks1dpj4v .tatsu-icon, .tatsu-g1hoeno9ks1dpj4v.tatsu-list-content::before{color: #e0a240 ;}.tatsu-g1hoeno9ks1dpj4v{border-style: solid;}<\/style><\/li><\/ul><\/div><\/div><div class = \"tatsu-column-bg-image-wrap\"><div class = \"tatsu-column-bg-image\" ><\/div><\/div><\/div><style>.tatsu-row > .tatsu-g1hoeno55s80vp6.tatsu-column{width: 33.33%;}.tatsu-g1hoeno55s80vp6.tatsu-column > .tatsu-column-inner > .tatsu-column-overlay{mix-blend-mode: none;}.tatsu-g1hoeno55s80vp6 > .tatsu-column-inner > .tatsu-top-divider{z-index: 9999;}.tatsu-g1hoeno55s80vp6 > .tatsu-column-inner > .tatsu-bottom-divider{z-index: 9999;}.tatsu-g1hoeno55s80vp6 > .tatsu-column-inner > .tatsu-left-divider{z-index: 9999;}.tatsu-g1hoeno55s80vp6 > .tatsu-column-inner > .tatsu-right-divider{z-index: 9999;}@media only screen and (max-width: 767px) {.tatsu-row > .tatsu-g1hoeno55s80vp6.tatsu-column{width: 100%;}}<\/style><\/div><div  class=\"tatsu-column  tatsu-column-no-bg tatsu-two-third tatsu-column-image-none tatsu-column-effect-none  tatsu-g1hoeno9ylcza3fh\"  data-parallax-speed=\"0\" style=\"\"><div class=\"tatsu-column-inner \" ><div class=\"tatsu-column-pad-wrap\"><div class=\"tatsu-column-pad\" ><div  class=\"tatsu-module tatsu-text-block-wrap tatsu-g1hoenoa0md8kcgq  \"><div class=\"tatsu-text-inner tatsu-align-center  clearfix\" ><style>.tatsu-g1hoenoa0md8kcgq.tatsu-text-block-wrap .tatsu-text-inner{text-align: left;}<\/style>\n<h5>Reach out to us<\/h5>\n<p>We love to listen and we are eagerly waiting to talk to you regarding your project. Get in touch with us if you have any queries and we will get back to you as soon as possible.<\/p>\n<\/div><\/div><div  class=\"tatsu-shortcode-module tatsu-module tatsu-r1Aa2xt_N   \"  ><style type=\"text\/css\">#nex-forms{display:none;}<\/style><div id=\"nf_form_22183\">\r\n\t\t\t\r\n\t\t\t<style type=\"text\/css\">\r\n\t\t\t\r\n\t\t\t\t#nex-forms.contact-en .nf-loader-lds-spinner div:after {background: #40C4FF; }\r\n\t\t\t\t#nex-forms.contact-en .nf-loader-lds-grid div {background: #40C4FF; }\r\n\t\t\t\t#nex-forms.contact-en .nf-loader-lds-ellipsis div { background: #40C4FF;}\r\n\t\t\t\t#nex-forms.contact-en .nf-loader-lds-default div {background: #40C4FF;}\r\n\t\t\t\t#nex-forms.contact-en .nf-loader-lds-roller div:after {background: #40C4FF;}\r\n\t\t\t\t#nex-forms.contact-en .nf-loader-lds-heart div,\r\n\t\t\t\t#nex-forms.contact-en .nf-loader-lds-heart div:after,\r\n\t\t\t\t#nex-forms.contact-en .nf-loader-lds-heart div:before {background: #40C4FF;}\r\n\t\r\n\t\t\t\t\r\n\t\t\t\t#nex-forms.contact-en .nf-loader-lds-facebook div {background: #40C4FF;}\r\n\t\t\t\t#nex-forms.contact-en .nf-loader-lds-circle > div {background: #40C4FF;}\r\n\t\t\t\t\r\n\t\t\t\t#nex-forms.contact-en .nf-loader-lds-dual-ring:after {border: 6px solid #40C4FF;border-color: #40C4FF transparent #40C4FF transparent;}\r\n\t\t\t\t#nex-forms.contact-en .nf-loader-lds-ring div {border: 8px solid #40C4FF;border-color: #40C4FF transparent transparent transparent;}\r\n\t\t\t\t#nex-forms.contact-en .nf-loader-lds-hourglass:after {border: 32px solid #40C4FF;border-color: #40C4FF transparent #40C4FF transparent;}\r\n\t\t\t\t#nex-forms.contact-en .nf-loader-lds-ripple div {border: 4px solid #40C4FF;}\r\n\t\t\t<\/style>\r\n\t\t\t\r\n\t\t\t\r\n\t\t\t<div id=\"nex-forms\" data-loader=\"ellipsis\" data-msg-hide-form=\"yes\" data-msg-position=\"top\" data-msg-placement=\"outside\"  class=\"nex-forms contact-en  \"><div class=\"pre_fill_fields\"><\/div><div class=\"set_form_theme theme-base\"><div class=\"nex_success_message msg_top msgv2 animated hidden\" style=\"display:none;\"><div class=\"nex_success_message_container\" style=\"background: #fff;box-shadow: #00000033 0px 7px 16px 0px;border-radius: 4px;padding: 30px;border-color:#ddd\"><div class=\"msg_text\"><div class=\"form_field all_fields icon html_fields wow bounceInUp\" style=\"margin-bottom: 15px\" id=\"_21501\" data-animation-name=\"bounceInUp\">\n\t\t\t\t\t\t\t  <div class=\"edit_mask\"><\/div>\n\t\t\t\t\t\t\t  \n\t\t\t\t\t\t\t\t<div class=\"icon_container_wrapper icon_center\">\n\t\t\t\t\t\t\t\t  <div class=\"icon_container\" id=\"field_container\" style=\"border-width: 0px;background-color: transparent\">\n\t\t\t\t\t\t\t\t\t<div class=\"\">\n\t\t\t\t\t\t\t\t\t  <div class=\"input_container\">\n\t\t\t\t\t\t\t\t\t\t<div class=\"the_input_element icon_element\" style=\"font-size: 50px;color: #2979ff\"><span class=\"fas fa-check-circle\"><\/span><\/div>\n\t\t\t\t\t\t\t\t\t  <\/div>\n\t\t\t\t\t\t\t\t\t<\/div>\n\t\t\t\t\t\t\t\t  <\/div>\n\t\t\t\t\t\t\t\t  \n\t\t\t\t\t\t\t\t<\/div>\n\t\t\t\t\t\t\t  \n\t\t\t\t\t\t\t<\/div>\n\t\t\t\t\t\t\t<div class=\"form_field all_fields html html_fields wow fadeInDown\" style=\"margin-bottom: 15px\" data-animation-name=\"fadeInDown\" data-wow-delay=\"0.5s\" id=\"_42373\">\n\t\t\t\t\t\t\t  <div class=\"edit_mask\"><\/div>\n\t\t\t\t\t\t\t  \n\t\t\t\t\t\t\t\t<div class=\"row\">\n\t\t\t\t\t\t\t\t  <div class=\"col-sm-12\" id=\"field_container\">\n\t\t\t\t\t\t\t\t\t<div class=\"row\">\n\t\t\t\t\t\t\t\t\t  <div class=\"col-sm-12 input_container\">\n\t\t\t\t\t\t\t\t\t\t<div class=\"the_input_element align_center\" data-math-equation=\"\" data-original-math-equation=\"\" data-decimal-places=\"0\">Thank you for connecting with us. Your message has been sent.<\/div>\n\t\t\t\t\t\t\t\t\t\t<div style=\"clear:both\"><\/div>\n\t\t\t\t\t\t\t\t\t  <\/div>\n\t\t\t\t\t\t\t\t\t<\/div>\n\t\t\t\t\t\t\t\t  <\/div>\n\t\t\t\t\t\t\t\t  \n\t\t\t\t\t\t\t\t<\/div>\n\t\t\t\t\t\t\t  \n\t\t\t\t\t\t\t<\/div><\/div><\/div><\/div><div data-timer-start=\"1\" data-timer-end=\"0\" class=\"inner-canvas-container ui-nex-forms-container ui-nex-forms-container-fe  bootstrap\" id=\"ui-nex-forms-container-5\"  ><div class=\"current_step\" style=\"display:none;\">1<\/div><div class=\"last_visited_step\" style=\"display:none;\">1<\/div><div class=\"nex-forms-header-footer nex-forms-header timer_inline timer_right no-front-end\"><\/div><div id=\"the_plugin_url\" style=\"display:none;\">https:\/\/www.partybooth.hu\/wp-content\/plugins\/nex-forms-premium<\/div><div id=\"nf_save_form_progress\" style=\"display:none;\">false<\/div><div id=\"confirmation_page\" class=\"confirmation_page\" style=\"display:none;\"><\/div><div id=\"on_form_submmision\" class=\"on_form_submmision\" style=\"display:none;\">message<\/div><div class=\"hidden\" id=\"nf_ajax_url\" style=\"display:none;\">https:\/\/www.partybooth.hu\/wp-admin\/admin-ajax.php<\/div><div class=\"hidden\" id=\"paypal_return_url\" style=\"display:none;\">https:\/\/www.partybooth.hu\/en\/wp-json\/wp\/v2\/pages\/3008\/<\/div><div class=\"hidden\" id=\"ms_scroll_to_top\" style=\"display:none;\">yes<\/div><div class=\"v7_container form_type_normal   \" style=\"background: #ffffff;border-color: #f27e09\"><div class=\"current_field_on_focus\" style=\"display:none\">1<\/div><form id=\"5\" class=\"submit-nex-form nex-forms-5\" data-form-id=\"5\" name=\"nex_form\" action=\"https:\/\/www.partybooth.hu\/wp-admin\/admin-ajax.php\" method=\"post\" enctype=\"multipart\/form-data\"><div class=\"step_transition_in\" style=\"display:none;\">fadeIn<\/div><div class=\"step_transition_out\" style=\"display:none;\">fadeOut<\/div><input type=\"hidden\" name=\"nex_forms_Id\" value=\"5\"><input type=\"hidden\" name=\"page\" value=\"\/en\/wp-json\/wp\/v2\/pages\/3008\"><input type=\"hidden\" name=\"ip\" value=\"216.73.216.51\"><input type=\"hidden\" name=\"nf_page_id\" value=\"3008\"><input type=\"hidden\" name=\"nf_page_title\" value=\"Contact\"><input type=\"hidden\" name=\"IP\"  data-original-value=\"216.73.216.51\" value=\"216.73.216.51\"><input type=\"hidden\" name=\"URL\"  data-original-value=\"\" value=\"\"><input type=\"hidden\" name=\"Page\"  data-original-value=\"\/en\/wp-json\/wp\/v2\/pages\/3008\" value=\"\/en\/wp-json\/wp\/v2\/pages\/3008\"><input type=\"text\" name=\"company_url\" value=\"\" placeholder=\"enter company url\" class=\"form-control req\">\n\t\t\t\t\t\t\t<div class=\"form_field hidden\" id=\"_58275\">\n\t\t\t\t\t\t\t\t<input class=\"ms_current_step\" value=\"1\" name=\"ms_current_step\" type=\"hidden\" id=\"_58275__ms_current_step\">\n\t\t\t\t\t\t\t<\/div>\n\t\t\t\t\t\t\t\n\t\t\t\t\t\n\t\t\t\t\t\n\t\t\t\t\t\n\t\t\t\t\t\n\t\t\t\t\t\n\t\t\t\t\t\n\t\t\t\t\t<div class=\"form_field all_fields name preset_fields required\" id=\"_23308\" style=\"position: relative;top: 0px;left: 0px\"><div class=\"row\"><div class=\"col-sm-12\" id=\"field_container\"><div class=\"row\"><div class=\"col-sm-12 input_container\"><input type=\"text\" name=\"name\" class=\"error_message required the_input_element aling_left ui-state-default form-control\" data-onfocus-color=\"#dddddd\" data-drop-focus-swadow=\"1\" data-placement=\"bottom\" data-content=\"K\u00f6telez\u0151 mez\u0151\" title=\"\" data-secondary-message=\"\" data-original-brd-color=\"#dddddd\" placeholder=\"NAME\" style=\"color: #000000;background-color: #c0c0c0;border-color: #c0c0c0;font-family: Roboto;font-size: 14px\" id=\"_23308__name\" data-math-equation=\"\" data-original-math-equation=\"\"><\/div><\/div><\/div><\/div><\/div><div class=\"form_field all_fields email email preset_fields required\" id=\"_15972\" style=\"position: relative;top: 0px;left: 0px\"><div class=\"row\"><div class=\"col-sm-12\" id=\"field_container\"><div class=\"row\"><div class=\"col-sm-12 input_container\"><input type=\"text\" name=\"e-mail\" class=\"error_message required email the_input_element aling_left ui-state-default form-control\" data-onfocus-color=\"#dddddd\" data-drop-focus-swadow=\"1\" data-placement=\"bottom\" data-content=\"K\u00f6telez\u0151 mez\u0151\" title=\"\" data-secondary-message=\"A megadott e-mail c\u00edm \u00e9rv\u00e9nytelen.\" data-original-brd-color=\"#dddddd\" placeholder=\"E-MAIL\" style=\"background-color: #c0c0c0;font-family: Roboto;color: #000000;border-color: #c0c0c0;font-size: 14px\" id=\"_15972__e-mail\"><\/div><\/div><\/div><\/div><\/div><div class=\"form_field all_fields html html_fields\" style=\"margin-bottom: 24px;position: relative;left: 0px;top: 0px\" id=\"_49827\"><div class=\"row\"><div class=\"col-sm-12\" id=\"field_container\"><div class=\"row\"><div class=\"col-sm-12 input_container\"><input type=\"hidden\" class=\"set_math_result\" value=\"0\" name=\"math_result\" id=\"_49827__math_result\"><div class=\"the_input_element\" data-math-equation=\"\" data-original-math-equation=\"\" data-decimal-places=\"0\" style=\"font-family: Roboto\"><div class=\"contact_form contact_form_module oshine-module style2 style1-input\"><\/div><\/div><div style=\"clear:both\"><\/div><\/div><\/div><\/div><\/div><\/div><div class=\"form_field all_fields text common_fields\" id=\"_96531\" style=\"position: relative;top: 0px;left: 0px\"><div class=\"row\"><div class=\"col-sm-12\" id=\"field_container\"><div class=\"row\"><div class=\"col-sm-12 input_container\"><input type=\"text\" name=\"subject\" class=\"error_message the_input_element aling_left ui-state-default form-control\" data-maxlength-color=\"label label-success\" data-maxlength-position=\"bottom\" data-maxlength-show=\"false\" data-default-value=\"\" data-onfocus-color=\"#dddddd\" data-drop-focus-swadow=\"1\" data-placement=\"bottom\" data-content=\"Required\" data-secondary-message=\"\" title=\"\" data-original-brd-color=\"#dddddd\" placeholder=\"SUBJECT\" style=\"background-color: #c0c0c0;border-color: #c0c0c0;font-family: Roboto;color: #000000;font-size: 14px\" id=\"_96531__subject\"><\/div><\/div><\/div><\/div><\/div><div class=\"form_field all_fields textarea common_fields\" style=\"position: relative;top: 0px;left: 0px\" id=\"_77070\"><div class=\"row\"><div class=\"col-sm-12\" id=\"field_container\"><div class=\"row\"><div class=\"input_container col-sm-12\"><textarea name=\"message\" placeholder=\"MESSAGE\" data-maxlength-color=\"label label-success\" data-maxlength-position=\"bottom\" data-maxlength-show=\"false\" data-default-value=\"\" class=\"error_message the_input_element textarea pre-format aling_left ui-state-default form-control\" data-onfocus-color=\"#66AFE9\" data-drop-focus-swadow=\"1\" data-placement=\"bottom\" data-content=\"Required\" title=\"\" style=\"font-family: Roboto;color: #000000;background-color: #c0c0c0;border-color: #c0c0c0;font-size: 14px\"><\/textarea><\/div><\/div><\/div><\/div><\/div><div class=\"form_field all_fields submit-button button_fields common_fields preset_fields special_fields selection_fields\" id=\"_17752\" style=\"margin-bottom: 24px\"><div class=\"row\"><div class=\"col-sm-12\" id=\"field_container\"><div class=\"row\"><div class=\"col-sm-12 input_container align_center\"><button class=\"nex-submit svg_ready the_input_element btn btn-default ui-state-default\" style=\"color: #ffffff;background-color: #e0a240;font-family: Roboto;border-color: #cccccc\">Submit<\/button><\/div><\/div><\/div><\/div><\/div>\n\t\t\t\t\t\n\t\t\t\t\t\n\t\t\t\t\t\n\t\t\t\t\t\n\t\t\t\t\t\n\t\t\t\t\t\n\t\t\t\t\t<link id=\"roboto\" type=\"text\/css\" rel=\"stylesheet\" href=\"https:\/\/fonts.googleapis.com\/css?family=Roboto\" class=\"\"><div class=\"form_field all_fields html html_fields\" style=\"margin-bottom: 24px\" id=\"_10923\"><div class=\"row\"><div class=\"col-sm-12\" id=\"field_container\"><div class=\"row\"><div class=\"col-sm-12 input_container\"><input type=\"hidden\" class=\"set_math_result\" value=\"0\" name=\"math_result\" id=\"_10923__math_result\"><div class=\"the_input_element\" data-math-equation=\"\" data-original-math-equation=\"\" data-decimal-places=\"0\" style=\"font-family: Roboto\"><\/div><div style=\"clear:both\"><\/div><\/div><\/div><\/div><\/div><\/div>\n\t\t\t\t\t\n\t\t\t\t\t\n\t\t\t\t\t\n\t\t\t\t\t\n\t\t\t\t\t\n\t\t\t\t\t\n\t\t\t\t\t\n\t\t\t\t\t\n\t\t\t\t\t\n\t\t\t\t\t\n\t\t\t\t\t\n\t\t\t\t\t\n\t\t\t\t\t\n\t\t\t\t\t\n\t\t\t\t\t\n\t\t\t\t\t\n\t\t\t\t\t\n\t\t\t\t\t\n\t\t\t\t\t\n\t\t\t\t\t\n\t\t\t\t\t\n\t\t\t\t\t\n\t\t\t\t\t\n\t\t\t\t\t\n\t\t\t\t\t\n\t\t\t\t\t\n\t\t\t\t\t\n\t\t\t\t\t<\/form><\/div><\/div><\/div><\/div><\/div><style type=\"text\/css\" class=\"nex-forms-custom-css\"><\/style><\/div><\/div><\/div><div class = \"tatsu-column-bg-image-wrap\"><div class = \"tatsu-column-bg-image\" ><\/div><\/div><\/div><style>.tatsu-row > .tatsu-g1hoeno9ylcza3fh.tatsu-column{width: 66.67%;}.tatsu-g1hoeno9ylcza3fh.tatsu-column > .tatsu-column-inner > .tatsu-column-overlay{mix-blend-mode: none;}.tatsu-g1hoeno9ylcza3fh > .tatsu-column-inner > .tatsu-top-divider{z-index: 9999;}.tatsu-g1hoeno9ylcza3fh > .tatsu-column-inner > .tatsu-bottom-divider{z-index: 9999;}.tatsu-g1hoeno9ylcza3fh > .tatsu-column-inner > .tatsu-left-divider{z-index: 9999;}.tatsu-g1hoeno9ylcza3fh > .tatsu-column-inner > .tatsu-right-divider{z-index: 9999;}@media only screen and (max-width: 767px) {.tatsu-row > .tatsu-g1hoeno9ylcza3fh.tatsu-column{width: 100%;}}<\/style><\/div><\/div><\/div><\/div><div class=\"tatsu-section-background-wrap\"><div class = \"tatsu-section-background\" ><\/div><\/div><style>.tatsu-g1hoeno512d58ptn .tatsu-section-pad{padding: 90px 0% 90px 0%;}.tatsu-g1hoeno512d58ptn > .tatsu-bottom-divider{z-index: 9999;}.tatsu-g1hoeno512d58ptn > .tatsu-top-divider{z-index: 9999;}<\/style><\/div>\n","protected":false},"excerpt":{"rendered":"<p><a href=\"https:\/\/www.partybooth.hu\/en\/contact\/\" class=\"more-link style1-button\">Read More<\/a><\/p>","protected":false},"author":1,"featured_media":0,"parent":0,"menu_order":0,"comment_status":"closed","ping_status":"closed","template":"","meta":{"slim_seo":{"title":"Contact - Party Booth","description":"Contact Info +36 30 940 8075 (Magyar) +36 30 476 0676 (English) hello@partybooth.hu Reach out to us We love to listen and we are eagerly waiting to talk to you"},"footnotes":""},"class_list":["post-3008","page","type-page","status-publish","hentry"],"_links":{"self":[{"href":"https:\/\/www.partybooth.hu\/en\/wp-json\/wp\/v2\/pages\/3008","targetHints":{"allow":["GET"]}}],"collection":[{"href":"https:\/\/www.partybooth.hu\/en\/wp-json\/wp\/v2\/pages"}],"about":[{"href":"https:\/\/www.partybooth.hu\/en\/wp-json\/wp\/v2\/types\/page"}],"author":[{"embeddable":true,"href":"https:\/\/www.partybooth.hu\/en\/wp-json\/wp\/v2\/users\/1"}],"replies":[{"embeddable":true,"href":"https:\/\/www.partybooth.hu\/en\/wp-json\/wp\/v2\/comments?post=3008"}],"version-history":[{"count":0,"href":"https:\/\/www.partybooth.hu\/en\/wp-json\/wp\/v2\/pages\/3008\/revisions"}],"wp:attachment":[{"href":"https:\/\/www.partybooth.hu\/en\/wp-json\/wp\/v2\/media?parent=3008"}],"curies":[{"name":"wp","href":"https:\/\/api.w.org\/{rel}","templated":true}]}}