{"id":11045,"date":"2018-06-29T12:12:02","date_gmt":"2018-06-29T10:12:02","guid":{"rendered":"https:\/\/www.partybooth.hu\/?page_id=11045"},"modified":"2026-02-23T09:49:52","modified_gmt":"2026-02-23T08:49:52","slug":"privacy","status":"publish","type":"page","link":"https:\/\/www.partybooth.hu\/en\/privacy\/","title":{"rendered":"Privacy Policy"},"content":{"rendered":"<div  class=\"tatsu-HkbLz8tQz7 tatsu-section    tatsu-clearfix\" data-title=\"\"  data-headerscheme=\"background--dark\"><div class='tatsu-section-pad clearfix' data-padding='{\"d\":\"90px 0px 90px 0px\"}' data-padding-top='90px'><div class=\"tatsu-row-wrap  tatsu-wrap tatsu-row-one-col tatsu-row-has-one-cols tatsu-medium-gutter tatsu-reg-cols  tatsu-clearfix tatsu-SklLfIK7fX\" ><div  class=\"tatsu-row \" ><div  class=\"tatsu-column  tatsu-column-no-bg tatsu-one-col tatsu-column-image-none tatsu-column-effect-none  tatsu-HJ8GLKXf7\"  data-parallax-speed=\"0\" style=\"\"><div class=\"tatsu-column-inner \" ><div class=\"tatsu-column-pad-wrap\"><div class=\"tatsu-column-pad\" ><div  class=\"tatsu-module tatsu-text-block-wrap tatsu-BkYE8YQMX  \"><div class=\"tatsu-text-inner tatsu-align-center  clearfix\" ><style>.tatsu-BkYE8YQMX.tatsu-text-block-wrap .tatsu-text-inner{width: 100%;text-align: left;}<\/style>\n<h4>Who we are<\/h4>\n<p>We at Party Booth are committed to complying with its obligations under the General Data Protection Regulation (\u201cGDPR\u201d). As part of this commitment, this statement describes Party Booth&#8217;s practices regarding the collection, use, transfer, disclosure and other handling and processing of your Personal Data.<\/p>\n<h4>Our Pledge to You<\/h4>\n<p>Party Booth pledges that any information you provide will never be sold, rented, leased or otherwise directly distributed outside of the site\u2019s infrastructure. The only exception would be when required to do so by any applicable law and\u00a0in instances where directed to do so by Court Order .<\/p>\n<h4>What personal data we collect and why we collect it<\/h4>\n<p>We will collect your Personal Data in order to provide Services requested by you. We will also collect your Personal Data in connection with our legitimate interest in maintaining the integrity of the Site and the Services we offer. Where we have collected your Personal Data on the basis that you have given us your consent, you may withdraw your consent to that processing at any time. Personal Data will not be held by us for any longer than is necessary for the purposes for which it was obtained. Personal Data may be retained for the defence of Party Booth interests should legal challenge arise.<\/p>\n<p>If you use Party Booth without registering, only SEO and Cookie information is collected. Your experience with the site will be greatly enhanced by the use of these Cookies, but you can disable their usage at any stage.<\/p>\n<h4>Cookies<\/h4>\n<p>If you leave a comment on our site you may opt-in to saving your name, email address and website in cookies. These are for your convenience so that you do not have to fill in your details again when you leave another comment. These cookies will last for one year.<\/p>\n<p>If you have an account and you log in to this site, we will set a temporary cookie to determine if your browser accepts cookies. This cookie contains no personal data and is discarded when you close your browser.<\/p>\n<p>When you log in, we will also set up several cookies to save your login information and your screen display choices. Login cookies last for two days, and screen options cookies last for a year. If you select \u201cRemember Me\u201d, your login will persist for two weeks. If you log out of your account, the login cookies will be removed.<\/p>\n<h4>Who we share your data with<\/h4>\n<p class=\"privacy-policy-tutorial\">We process your personal information in the European Economic Area (EEA). It may also be processed in the USA, by those who work for us or by one of our suppliers. Such staff may be engaged in, amongst other things, the provision of technical and support services.<\/p>\n<h4>How long we retain your data<\/h4>\n<p>If you leave a comment, the comment and its metadata are retained indefinitely. This is so we can recognise and approve any follow-up comments automatically instead of holding them in a moderation queue.<\/p>\n<p>For users that register on our website (if any), we also store the personal information they provide in their user profile. All users can see, edit, or delete their personal information at any time (except they cannot change their username). Website administrators can also see and edit that information.<\/p>\n<h4>What rights you have over your data<\/h4>\n<p><strong class=\"privacy-policy-tutorial\">\u00a0<\/strong>If you have an account on this site, or have left comments, you can request to receive an exported file of the personal data we hold about you, including any data you have provided to us. You can also request that we erase any personal data we hold about you. This does not include any data we are obliged to keep for administrative, legal, or security purposes.<\/p>\n<h4>Where we send your data<\/h4>\n<p>Visitor comments may be checked through an automated spam detection service.<\/p>\n<h4>How we protect your data<\/h4>\n<p class=\"privacy-policy-tutorial\">All data transmission between your browser and our server is secured using SSL technology. We will take all steps reasonably necessary to ensure that your data is treated securely and in accordance with the Party Booth Privacy Policy. Unfortunately, the transmission of any information via the internet is not 100% completely secure. Although we will do our best to protect your Personal Data, we cannot guarantee the security of your data transmitted to our site; any transmission is at your own risk. Once we have received your information, we will use strict procedures and security features to try to prevent unauthorised access.<\/p>\n<p>\u00a0<\/p>\n<h4>Contact Us<\/h4>\n<p class=\"privacy-policy-tutorial\">If you have questions about this Privacy Policy, please contact us at hello [at] partybooth.hu.<\/p>\n<p>\u00a0<\/p>\n<\/div><\/div><\/div><\/div><div class = \"tatsu-column-bg-image-wrap\"><div class = \"tatsu-column-bg-image\" ><\/div><\/div><\/div><style>.tatsu-row > .tatsu-HJ8GLKXf7.tatsu-column{width: 100%;}.tatsu-HJ8GLKXf7.tatsu-column > .tatsu-column-inner > .tatsu-column-overlay{mix-blend-mode: none;}.tatsu-HJ8GLKXf7 > .tatsu-column-inner > .tatsu-top-divider{z-index: 9999;}.tatsu-HJ8GLKXf7 > .tatsu-column-inner > .tatsu-bottom-divider{z-index: 9999;}.tatsu-HJ8GLKXf7 > .tatsu-column-inner > .tatsu-left-divider{z-index: 9999;}.tatsu-HJ8GLKXf7 > .tatsu-column-inner > .tatsu-right-divider{z-index: 9999;}<\/style><\/div><\/div><\/div><\/div><div class=\"tatsu-section-background-wrap\"><div class = \"tatsu-section-background\" ><\/div><\/div><style>.tatsu-HkbLz8tQz7 .tatsu-section-pad{padding: 90px 0px 90px 0px;}.tatsu-HkbLz8tQz7 > .tatsu-bottom-divider{z-index: 9999;}.tatsu-HkbLz8tQz7 > .tatsu-top-divider{z-index: 9999;}<\/style><\/div><div id=\"contact\" class=\"tatsu-r1B90H8ON tatsu-section  tatsu-bg-overlay contact  tatsu-clearfix\" data-title=\"contact\"  data-headerscheme=\"background--light\"><div class='tatsu-section-pad clearfix' data-padding='{\"d\":\"60px 0% 60px 0% \"}' data-padding-top='60px'><div class=\"tatsu-row-wrap  tatsu-wrap tatsu-row-one-col tatsu-row-has-one-cols tatsu-medium-gutter tatsu-reg-cols  tatsu-clearfix tatsu-B1xrcRBU_V\" ><div  class=\"tatsu-row \" ><div  class=\"tatsu-column  tatsu-column-no-bg tatsu-one-col tatsu-column-image-none tatsu-column-effect-none  tatsu-HybSq0H8OV\"  data-parallax-speed=\"0\" style=\"\"><div class=\"tatsu-column-inner \" ><div class=\"tatsu-column-pad-wrap\"><div class=\"tatsu-column-pad\" ><div id = \"\" class=\"tatsu-code tatsu-module tatsu-rkzSqCHUdE   \"  >\n<h2 style=\"text-align: center;\"><span style=\"color: #ffffff;\">LIKE\u00a0<i class=\"font-icon icon-icon_heart_alt plain\" style=\"color: #e0a240;\"><\/i> WHAT YOU SEE?<\/span><\/h2>\n<\/div><div  class=\"tatsu-module tatsu-text-block-wrap tatsu-HJXrc0rLuE  \"><div class=\"tatsu-text-inner tatsu-align-center  clearfix\" ><style>.tatsu-HJXrc0rLuE.tatsu-text-block-wrap .tatsu-text-inner{text-align: left;}<\/style>\n<h6 style=\"text-align: center;\"><span style=\"color: #ffffff; letter-spacing: 3px;\">Drop Us A Line Or Give Us A Call To Discuss Your Event<\/span><\/h6>\n<h3 style=\"text-align: center;\"><span style=\"color: #ffcc00;\">+36 30\u00a0476 0676<\/span><\/h3>\n<\/div><\/div><\/div><\/div><div class = \"tatsu-column-bg-image-wrap\"><div class = \"tatsu-column-bg-image\" ><\/div><\/div><\/div><style>.tatsu-row > .tatsu-HybSq0H8OV.tatsu-column{width: 100%;}.tatsu-HybSq0H8OV.tatsu-column > .tatsu-column-inner > .tatsu-column-overlay{mix-blend-mode: none;}.tatsu-HybSq0H8OV > .tatsu-column-inner > .tatsu-top-divider{z-index: 9999;}.tatsu-HybSq0H8OV > .tatsu-column-inner > .tatsu-bottom-divider{z-index: 9999;}.tatsu-HybSq0H8OV > .tatsu-column-inner > .tatsu-left-divider{z-index: 9999;}.tatsu-HybSq0H8OV > .tatsu-column-inner > .tatsu-right-divider{z-index: 9999;}<\/style><\/div><\/div><\/div><div class=\"tatsu-row-wrap  tatsu-wrap tatsu-row-one-col tatsu-row-has-one-cols tatsu-medium-gutter tatsu-reg-cols  tatsu-clearfix tatsu-BJ4rqRHLO4\" ><div  class=\"tatsu-row \" ><div  class=\"tatsu-column  tatsu-column-no-bg tatsu-one-col tatsu-column-image-none tatsu-column-effect-none  tatsu-rkrHcCBLu4\"  data-parallax-speed=\"0\" style=\"\"><div class=\"tatsu-column-inner \" ><div class=\"tatsu-column-pad-wrap\"><div class=\"tatsu-column-pad\" ><div  class=\"tatsu-shortcode-module tatsu-module tatsu-ByIr5AB8OE   \"  ><style type=\"text\/css\">#nex-forms{display:none;}<\/style><div id=\"nf_form_1583\">\r\n\t\t\t\r\n\t\t\t<style type=\"text\/css\">\r\n\t\t\t\r\n\t\t\t\t#nex-forms.default-en .nf-loader-lds-spinner div:after {background: #40C4FF; }\r\n\t\t\t\t#nex-forms.default-en .nf-loader-lds-grid div {background: #40C4FF; }\r\n\t\t\t\t#nex-forms.default-en .nf-loader-lds-ellipsis div { background: #40C4FF;}\r\n\t\t\t\t#nex-forms.default-en .nf-loader-lds-default div {background: #40C4FF;}\r\n\t\t\t\t#nex-forms.default-en .nf-loader-lds-roller div:after {background: #40C4FF;}\r\n\t\t\t\t#nex-forms.default-en .nf-loader-lds-heart div,\r\n\t\t\t\t#nex-forms.default-en .nf-loader-lds-heart div:after,\r\n\t\t\t\t#nex-forms.default-en .nf-loader-lds-heart div:before {background: #40C4FF;}\r\n\t\r\n\t\t\t\t\r\n\t\t\t\t#nex-forms.default-en .nf-loader-lds-facebook div {background: #40C4FF;}\r\n\t\t\t\t#nex-forms.default-en .nf-loader-lds-circle > div {background: #40C4FF;}\r\n\t\t\t\t\r\n\t\t\t\t#nex-forms.default-en .nf-loader-lds-dual-ring:after {border: 6px solid #40C4FF;border-color: #40C4FF transparent #40C4FF transparent;}\r\n\t\t\t\t#nex-forms.default-en .nf-loader-lds-ring div {border: 8px solid #40C4FF;border-color: #40C4FF transparent transparent transparent;}\r\n\t\t\t\t#nex-forms.default-en .nf-loader-lds-hourglass:after {border: 32px solid #40C4FF;border-color: #40C4FF transparent #40C4FF transparent;}\r\n\t\t\t\t#nex-forms.default-en .nf-loader-lds-ripple div {border: 4px solid #40C4FF;}\r\n\t\t\t<\/style>\r\n\t\t\t\r\n\t\t\t\r\n\t\t\t<div id=\"nex-forms\" data-loader=\"ellipsis\" data-msg-hide-form=\"yes\" data-msg-position=\"top\" data-msg-placement=\"outside\"  class=\"nex-forms default-en  \"><div class=\"pre_fill_fields\"><\/div><div class=\"set_form_theme theme-base\"><div class=\"nex_success_message msg_top msgv2 animated hidden\" style=\"display:none;\"><div class=\"nex_success_message_container\" style=\"background: #fff;box-shadow: #00000033 0px 7px 16px 0px;border-radius: 4px;padding: 30px;border-color:#ddd\"><div class=\"msg_text\"><div class=\"form_field all_fields icon html_fields wow bounceInUp\" style=\"margin-bottom: 15px\" id=\"_21501\" data-animation-name=\"bounceInUp\">\n\t\t\t\t\t\t\t  <div class=\"edit_mask\"><\/div>\n\t\t\t\t\t\t\t  \n\t\t\t\t\t\t\t\t<div class=\"icon_container_wrapper icon_center\">\n\t\t\t\t\t\t\t\t  <div class=\"icon_container\" id=\"field_container\" style=\"border-width: 0px;background-color: transparent\">\n\t\t\t\t\t\t\t\t\t<div class=\"\">\n\t\t\t\t\t\t\t\t\t  <div class=\"input_container\">\n\t\t\t\t\t\t\t\t\t\t<div class=\"the_input_element icon_element\" style=\"font-size: 50px;color: #2979ff\"><span class=\"fas fa-check-circle\"><\/span><\/div>\n\t\t\t\t\t\t\t\t\t  <\/div>\n\t\t\t\t\t\t\t\t\t<\/div>\n\t\t\t\t\t\t\t\t  <\/div>\n\t\t\t\t\t\t\t\t  \n\t\t\t\t\t\t\t\t<\/div>\n\t\t\t\t\t\t\t  \n\t\t\t\t\t\t\t<\/div>\n\t\t\t\t\t\t\t<div class=\"form_field all_fields html html_fields wow fadeInDown\" style=\"margin-bottom: 15px\" data-animation-name=\"fadeInDown\" data-wow-delay=\"0.5s\" id=\"_9010\">\n\t\t\t\t\t\t\t  <div class=\"edit_mask\"><\/div>\n\t\t\t\t\t\t\t  \n\t\t\t\t\t\t\t\t<div class=\"row\">\n\t\t\t\t\t\t\t\t  <div class=\"col-sm-12\" id=\"field_container\">\n\t\t\t\t\t\t\t\t\t<div class=\"row\">\n\t\t\t\t\t\t\t\t\t  <div class=\"col-sm-12 input_container\">\n\t\t\t\t\t\t\t\t\t\t<div class=\"the_input_element align_center\" data-math-equation=\"\" data-original-math-equation=\"\" data-decimal-places=\"0\">Thank you for connecting with us. Your message has been sent.<\/div>\n\t\t\t\t\t\t\t\t\t\t<div style=\"clear:both\"><\/div>\n\t\t\t\t\t\t\t\t\t  <\/div>\n\t\t\t\t\t\t\t\t\t<\/div>\n\t\t\t\t\t\t\t\t  <\/div>\n\t\t\t\t\t\t\t\t  \n\t\t\t\t\t\t\t\t<\/div>\n\t\t\t\t\t\t\t  \n\t\t\t\t\t\t\t<\/div><\/div><\/div><\/div><div data-timer-start=\"1\" data-timer-end=\"0\" class=\"inner-canvas-container ui-nex-forms-container ui-nex-forms-container-fe  bootstrap\" id=\"ui-nex-forms-container-1\"  ><div class=\"current_step\" style=\"display:none;\">1<\/div><div class=\"last_visited_step\" style=\"display:none;\">1<\/div><div class=\"nex-forms-header-footer nex-forms-header timer_inline timer_right no-front-end\"><\/div><div id=\"the_plugin_url\" style=\"display:none;\">https:\/\/www.partybooth.hu\/wp-content\/plugins\/nex-forms-premium<\/div><div id=\"nf_save_form_progress\" style=\"display:none;\">false<\/div><div id=\"confirmation_page\" class=\"confirmation_page\" style=\"display:none;\"><\/div><div id=\"on_form_submmision\" class=\"on_form_submmision\" style=\"display:none;\">message<\/div><div class=\"hidden\" id=\"nf_ajax_url\" style=\"display:none;\">https:\/\/www.partybooth.hu\/wp-admin\/admin-ajax.php<\/div><div class=\"hidden\" id=\"paypal_return_url\" style=\"display:none;\">https:\/\/www.partybooth.hu\/en\/wp-json\/wp\/v2\/pages\/11045\/<\/div><div class=\"hidden\" id=\"ms_scroll_to_top\" style=\"display:none;\">yes<\/div><div class=\"v7_container form_type_normal   \" style=\"\"><div class=\"current_field_on_focus\" style=\"display:none\">1<\/div><form id=\"1\" class=\"submit-nex-form nex-forms-1\" data-form-id=\"1\" name=\"nex_form\" action=\"https:\/\/www.partybooth.hu\/wp-admin\/admin-ajax.php\" method=\"post\" enctype=\"multipart\/form-data\"><div class=\"step_transition_in\" style=\"display:none;\">fadeIn<\/div><div class=\"step_transition_out\" style=\"display:none;\">fadeOut<\/div><input type=\"hidden\" name=\"nex_forms_Id\" value=\"1\"><input type=\"hidden\" name=\"page\" value=\"\/en\/wp-json\/wp\/v2\/pages\/11045\"><input type=\"hidden\" name=\"ip\" value=\"216.73.216.114\"><input type=\"hidden\" name=\"nf_page_id\" value=\"11045\"><input type=\"hidden\" name=\"nf_page_title\" value=\"Privacy Policy\"><input type=\"hidden\" name=\"IP\"  data-original-value=\"216.73.216.114\" value=\"216.73.216.114\"><input type=\"hidden\" name=\"URL\"  data-original-value=\"216.73.216.114\" value=\"216.73.216.114\"><input type=\"hidden\" name=\"Source\"  data-original-value=\"\" value=\"\"><input type=\"text\" name=\"company_url\" value=\"\" placeholder=\"enter company url\" class=\"form-control req\">\t\t\t\t\t\t\t<div class=\"form_field hidden\" id=\"_26558\">\n\t\t\t\t\t\t\t\t<input class=\"ms_current_step\" value=\"1\" name=\"ms_current_step\" type=\"hidden\" id=\"_26558__ms_current_step\">\n\t\t\t\t\t\t\t<\/div>\n\t\t\t\t\t\t\t\n\t\t\t\t\t\n\t\t\t\t\t\n\t\t\t\t\t\n\t\t\t\t\t\n\t\t\t\t\t\n\t\t\t\t\t\n\t\t\t\t\t<div class=\"grid-system-2 is_grid\" id=\"_66149\" style=\"position: relative;top: 0px;left: 0px\"><div class=\"row grid_row\"><div class=\"grid_input_holder id-_66149 col-sm-6 grid-target-0\" data-grid-width=\"6\" data-grid-num=\"0\"><div class=\"form_field all_fields name preset_fields required square\" id=\"_23308\" style=\"position: relative;top: 0px;left: 0px\"><div class=\"row\"><div class=\"col-sm-12\" id=\"field_container\"><div class=\"row\"><div class=\"col-sm-12 input_container\"><input type=\"text\" name=\"name\" class=\"error_message required the_input_element aling_left form-control\" data-onfocus-color=\"#dddddd\" data-drop-focus-swadow=\"1\" data-placement=\"bottom\" data-content=\"K\u00f6telez\u0151 mez\u0151\" title=\"\" data-secondary-message=\"\" data-original-brd-color=\"#dddddd\" placeholder=\"NAME\" style=\"color: #aaaaaa;background-color: #333333;border-color: #333333;font-family: Roboto\" id=\"_23308__name\" data-math-equation=\"\" data-original-math-equation=\"\"><\/div><\/div><\/div><\/div><\/div><\/div><div class=\"grid_input_holder id-_66149 col-sm-6 grid-target-1\" data-grid-width=\"6\" data-grid-num=\"1\"><div class=\"form_field all_fields email email preset_fields required square\" id=\"_15972\" style=\"position: relative;top: 0px;left: 0px\"><div class=\"row\"><div class=\"col-sm-12\" id=\"field_container\"><div class=\"row\"><div class=\"col-sm-12 input_container\"><input type=\"text\" name=\"e-mail\" class=\"error_message required email the_input_element aling_left form-control\" data-onfocus-color=\"#dddddd\" data-drop-focus-swadow=\"1\" data-placement=\"bottom\" data-content=\"K\u00f6telez\u0151 mez\u0151\" title=\"\" data-secondary-message=\"A megadott e-mail c\u00edm \u00e9rv\u00e9nytelen.\" data-original-brd-color=\"#dddddd\" placeholder=\"E-MAIL\" style=\"background-color: #333333;font-family: Roboto;color: #aaaaaa;border-color: #333333\" id=\"_15972__e-mail\"><\/div><\/div><\/div><\/div><\/div><\/div><\/div><\/div><div class=\"form_field all_fields html html_fields\" style=\"margin-bottom: 24px;position: relative;left: 0px;top: 0px\" id=\"_49827\"><div class=\"row\"><div class=\"col-sm-12\" id=\"field_container\"><div class=\"row\"><div class=\"col-sm-12 input_container\"><input type=\"hidden\" class=\"set_math_result\" value=\"0\" name=\"math_result\" id=\"_49827__math_result\"><div class=\"the_input_element\" data-math-equation=\"\" data-original-math-equation=\"\" data-decimal-places=\"0\" style=\"font-family: Roboto\"><div class=\"contact_form contact_form_module oshine-module style2 style1-input\"><\/div><\/div><div style=\"clear:both\"><\/div><\/div><\/div><\/div><\/div><\/div><div class=\"form_field all_fields text common_fields square\" id=\"_96531\" style=\"position: relative;top: 0px;left: 0px\"><div class=\"row\"><div class=\"col-sm-12\" id=\"field_container\"><div class=\"row\"><div class=\"col-sm-12 input_container\"><input type=\"text\" name=\"subject\" class=\"error_message the_input_element aling_left form-control\" data-maxlength-color=\"label label-success\" data-maxlength-position=\"bottom\" data-maxlength-show=\"false\" data-default-value=\"\" data-onfocus-color=\"#dddddd\" data-drop-focus-swadow=\"1\" data-placement=\"bottom\" data-content=\"Required\" data-secondary-message=\"\" title=\"\" data-original-brd-color=\"#dddddd\" placeholder=\"SUBJECT\" style=\"background-color: #333333;border-color: #333333;font-family: Roboto;color: #aaaaaa\" id=\"_96531__subject\"><\/div><\/div><\/div><\/div><\/div><div class=\"form_field all_fields textarea common_fields\" style=\"position: relative;top: 0px;left: 0px\" id=\"_77070\"><div class=\"row\"><div class=\"col-sm-12\" id=\"field_container\"><div class=\"row\"><div class=\"input_container col-sm-12\"><textarea name=\"message\" placeholder=\"MESSAGE\" data-maxlength-color=\"label label-success\" data-maxlength-position=\"bottom\" data-maxlength-show=\"false\" data-default-value=\"\" class=\"error_message the_input_element textarea pre-format aling_left form-control\" data-onfocus-color=\"#66AFE9\" data-drop-focus-swadow=\"1\" data-placement=\"bottom\" data-content=\"Required\" title=\"\" style=\"font-family: Roboto;color: #aaaaaa;background-color: #333333;border-color: #333333\"><\/textarea><\/div><\/div><\/div><\/div><\/div><div class=\"form_field all_fields submit-button button_fields common_fields preset_fields special_fields selection_fields\" id=\"_17752\" style=\"margin-bottom: 24px\"><div class=\"row\"><div class=\"col-sm-12\" id=\"field_container\"><div class=\"row\"><div class=\"col-sm-12 input_container align_center\"><button class=\"nex-submit svg_ready the_input_element btn btn-default\" style=\"color: #ffffff;background-color: #e0a240;font-family: Roboto;border-color: #cccccc\">Submit<\/button><\/div><\/div><\/div><\/div><\/div>\n\t\t\t\t\t\n\t\t\t\t\t\n\t\t\t\t\t\n\t\t\t\t\t\n\t\t\t\t\t\n\t\t\t\t\t\n\t\t\t\t\t<link id=\"roboto\" type=\"text\/css\" rel=\"stylesheet\" href=\"https:\/\/fonts.googleapis.com\/css?family=Roboto\" class=\"\"><div class=\"form_field all_fields html html_fields\" style=\"margin-bottom: 24px\" id=\"_10923\"><div class=\"row\"><div class=\"col-sm-12\" id=\"field_container\"><div class=\"row\"><div class=\"col-sm-12 input_container\"><input type=\"hidden\" class=\"set_math_result\" value=\"0\" name=\"math_result\" id=\"_10923__math_result\"><div class=\"the_input_element\" data-math-equation=\"\" data-original-math-equation=\"\" data-decimal-places=\"0\" style=\"font-family: Roboto\"><\/div><div style=\"clear:both\"><\/div><\/div><\/div><\/div><\/div><\/div>\n\t\t\t\t\t\n\t\t\t\t\t\n\t\t\t\t\t\n\t\t\t\t\t\n\t\t\t\t\t\n\t\t\t\t\t\n\t\t\t\t\t\n\t\t\t\t\t\n\t\t\t\t\t\n\t\t\t\t\t\n\t\t\t\t\t\n\t\t\t\t\t\n\t\t\t\t\t\n\t\t\t\t\t\n\t\t\t\t\t\n\t\t\t\t\t\n\t\t\t\t\t\n\t\t\t\t\t\n\t\t\t\t\t\n\t\t\t\t\t\n\t\t\t\t\t<\/form><\/div><\/div><\/div><\/div><\/div><style type=\"text\/css\" class=\"nex-forms-custom-css\"><\/style><br \/>\n<\/div><\/div><\/div><div class = \"tatsu-column-bg-image-wrap\"><div class = \"tatsu-column-bg-image\" ><\/div><\/div><\/div><style>.tatsu-row > .tatsu-rkrHcCBLu4.tatsu-column{width: 100%;}.tatsu-rkrHcCBLu4.tatsu-column > .tatsu-column-inner > .tatsu-column-overlay{mix-blend-mode: none;}.tatsu-rkrHcCBLu4 > .tatsu-column-inner > .tatsu-top-divider{z-index: 9999;}.tatsu-rkrHcCBLu4 > .tatsu-column-inner > .tatsu-bottom-divider{z-index: 9999;}.tatsu-rkrHcCBLu4 > .tatsu-column-inner > .tatsu-left-divider{z-index: 9999;}.tatsu-rkrHcCBLu4 > .tatsu-column-inner > .tatsu-right-divider{z-index: 9999;}<\/style><\/div><\/div><\/div><\/div><div class=\"tatsu-section-background-wrap\"><div class = \"tatsu-section-background\" ><\/div><\/div><div class=\"tatsu-overlay tatsu-section-overlay\"><\/div><style>.tatsu-r1B90H8ON .tatsu-section-background{background-image: url(https:\/\/www.partybooth.hu\/wp-content\/uploads\/2019\/08\/contact.jpg);background-repeat: no-repeat;background-attachment: fixed;background-position: top center;background-size: cover;}.tatsu-r1B90H8ON .tatsu-bg-blur{background-repeat: no-repeat;background-attachment: fixed;background-position: top center;background-size: cover;}.tatsu-r1B90H8ON{border-width: 0px 0px px 0px;border-style: solid;}.tatsu-r1B90H8ON .tatsu-section-pad{padding: 60px 0% 60px 0% ;}.tatsu-r1B90H8ON > .tatsu-bottom-divider{z-index: 9999;}.tatsu-r1B90H8ON > .tatsu-top-divider{z-index: 9999;}.tatsu-r1B90H8ON .tatsu-section-overlay{background: rgba(155,155,155,0.62);mix-blend-mode: normal;}<\/style><\/div>\n","protected":false},"excerpt":{"rendered":"<p><a href=\"https:\/\/www.partybooth.hu\/en\/privacy\/\" class=\"more-link style1-button\">Read More<\/a><\/p>","protected":false},"author":1,"featured_media":0,"parent":0,"menu_order":0,"comment_status":"closed","ping_status":"closed","template":"","meta":{"slim_seo":{"noindex":"1","title":"Privacy Policy - Party Booth","description":"Who we are We at Party Booth are committed to complying with its obligations under the General Data Protection Regulation (\u201cGDPR\u201d). As part of this commitment,"},"footnotes":""},"class_list":["post-11045","page","type-page","status-publish","hentry"],"_links":{"self":[{"href":"https:\/\/www.partybooth.hu\/en\/wp-json\/wp\/v2\/pages\/11045","targetHints":{"allow":["GET"]}}],"collection":[{"href":"https:\/\/www.partybooth.hu\/en\/wp-json\/wp\/v2\/pages"}],"about":[{"href":"https:\/\/www.partybooth.hu\/en\/wp-json\/wp\/v2\/types\/page"}],"author":[{"embeddable":true,"href":"https:\/\/www.partybooth.hu\/en\/wp-json\/wp\/v2\/users\/1"}],"replies":[{"embeddable":true,"href":"https:\/\/www.partybooth.hu\/en\/wp-json\/wp\/v2\/comments?post=11045"}],"version-history":[{"count":1,"href":"https:\/\/www.partybooth.hu\/en\/wp-json\/wp\/v2\/pages\/11045\/revisions"}],"predecessor-version":[{"id":34750,"href":"https:\/\/www.partybooth.hu\/en\/wp-json\/wp\/v2\/pages\/11045\/revisions\/34750"}],"wp:attachment":[{"href":"https:\/\/www.partybooth.hu\/en\/wp-json\/wp\/v2\/media?parent=11045"}],"curies":[{"name":"wp","href":"https:\/\/api.w.org\/{rel}","templated":true}]}}